{"id":1198,"date":"2020-02-27T17:25:01","date_gmt":"2020-02-27T16:25:01","guid":{"rendered":"https:\/\/gruparenal.com\/?page_id=1198"},"modified":"2026-01-09T14:57:36","modified_gmt":"2026-01-09T13:57:36","slug":"grup-arenal","status":"publish","type":"page","link":"https:\/\/gruparenal.com\/ca\/","title":{"rendered":"GRUP ARENAL"},"content":{"rendered":"[vc_row type=&#8221;full_width_content&#8221; full_screen_row_position=&#8221;middle&#8221; equal_height=&#8221;yes&#8221; content_placement=&#8221;middle&#8221; column_margin=&#8221;none&#8221; full_height=&#8221;yes&#8221; scene_position=&#8221;center&#8221; text_color=&#8221;dark&#8221; text_align=&#8221;left&#8221; id=&#8221;Bloque-Slide-DSK&#8221; overlay_strength=&#8221;0.3&#8243; shape_divider_position=&#8221;bottom&#8221; bg_image_animation=&#8221;none&#8221; shape_type=&#8221;&#8221;][vc_column column_padding=&#8221;no-extra-padding&#8221; column_padding_position=&#8221;all&#8221; background_color_opacity=&#8221;1&#8243; background_hover_color_opacity=&#8221;1&#8243; column_link_target=&#8221;_self&#8221; column_shadow=&#8221;none&#8221; column_border_radius=&#8221;none&#8221; width=&#8221;1\/1&#8243; tablet_width_inherit=&#8221;default&#8221; tablet_text_alignment=&#8221;default&#8221; phone_text_alignment=&#8221;default&#8221; overlay_strength=&#8221;0.3&#8243; column_border_width=&#8221;none&#8221; column_border_style=&#8221;solid&#8221; bg_image_animation=&#8221;none&#8221;][vc_row_inner equal_height=&#8221;yes&#8221; content_placement=&#8221;middle&#8221; column_margin=&#8221;default&#8221; text_align=&#8221;left&#8221;][vc_column_inner column_padding=&#8221;no-extra-padding&#8221; column_padding_position=&#8221;all&#8221; background_color_opacity=&#8221;1&#8243; background_hover_color_opacity=&#8221;1&#8243; column_shadow=&#8221;none&#8221; column_border_radius=&#8221;none&#8221; column_link_target=&#8221;_self&#8221; el_class=&#8221;Galeria-Cabecera-Columna-1&#8243; width=&#8221;1\/2&#8243; tablet_width_inherit=&#8221;default&#8221; overlay_strength=&#8221;0.3&#8243; column_border_width=&#8221;none&#8221; column_border_style=&#8221;solid&#8221; bg_image_animation=&#8221;none&#8221; column_link=&#8221;https:\/\/gruparenal.com\/ca\/arenal\/&#8221;][image_with_animation image_url=&#8221;79&#8243; alignment=&#8221;center&#8221; animation=&#8221;Fade In&#8221; hover_animation=&#8221;none&#8221; border_radius=&#8221;none&#8221; box_shadow=&#8221;none&#8221; image_loading=&#8221;default&#8221; max_width=&#8221;100%&#8221; max_width_mobile=&#8221;default&#8221; el_class=&#8221;Etiqueta-Slide-Home&#8221;][\/vc_column_inner][vc_column_inner column_padding=&#8221;no-extra-padding&#8221; column_padding_position=&#8221;all&#8221; background_color_opacity=&#8221;1&#8243; background_hover_color_opacity=&#8221;1&#8243; column_shadow=&#8221;none&#8221; column_border_radius=&#8221;none&#8221; column_link_target=&#8221;_self&#8221; el_class=&#8221;Galeria-Cabecera-Columna-3&#8243; width=&#8221;1\/2&#8243; tablet_width_inherit=&#8221;default&#8221; overlay_strength=&#8221;0.3&#8243; column_border_width=&#8221;none&#8221; column_border_style=&#8221;solid&#8221; bg_image_animation=&#8221;none&#8221; column_link=&#8221;https:\/\/gruparenal.com\/ca\/xup-xup\/&#8221;][image_with_animation image_url=&#8221;81&#8243; alignment=&#8221;center&#8221; animation=&#8221;Fade In&#8221; hover_animation=&#8221;none&#8221; border_radius=&#8221;none&#8221; box_shadow=&#8221;none&#8221; image_loading=&#8221;default&#8221; max_width=&#8221;100%&#8221; max_width_mobile=&#8221;default&#8221; el_class=&#8221;Etiqueta-Slide-Home&#8221;][\/vc_column_inner][\/vc_row_inner][image_with_animation image_url=&#8221;87&#8243; alignment=&#8221;center&#8221; animation=&#8221;Fade In&#8221; hover_animation=&#8221;none&#8221; border_radius=&#8221;none&#8221; box_shadow=&#8221;none&#8221; image_loading=&#8221;default&#8221; max_width=&#8221;100%&#8221; max_width_mobile=&#8221;default&#8221; el_class=&#8221;Flecha-Slide-Home&#8221; img_link=&#8221;#Bloque-Presentacion&#8221;][\/vc_column][\/vc_row][vc_row type=&#8221;full_width_content&#8221; full_screen_row_position=&#8221;middle&#8221; equal_height=&#8221;yes&#8221; content_placement=&#8221;middle&#8221; column_margin=&#8221;none&#8221; full_height=&#8221;yes&#8221; scene_position=&#8221;center&#8221; text_color=&#8221;dark&#8221; text_align=&#8221;left&#8221; id=&#8221;Bloque-Slide-MBL&#8221; overlay_strength=&#8221;0.3&#8243; shape_divider_position=&#8221;bottom&#8221; bg_image_animation=&#8221;none&#8221; shape_type=&#8221;&#8221;][vc_column column_padding=&#8221;no-extra-padding&#8221; column_padding_position=&#8221;all&#8221; background_color_opacity=&#8221;1&#8243; background_hover_color_opacity=&#8221;1&#8243; column_link_target=&#8221;_self&#8221; column_shadow=&#8221;none&#8221; column_border_radius=&#8221;none&#8221; width=&#8221;1\/1&#8243; tablet_width_inherit=&#8221;default&#8221; tablet_text_alignment=&#8221;default&#8221; phone_text_alignment=&#8221;default&#8221; overlay_strength=&#8221;0.3&#8243; column_border_width=&#8221;none&#8221; column_border_style=&#8221;solid&#8221; bg_image_animation=&#8221;none&#8221;][vc_row_inner equal_height=&#8221;yes&#8221; content_placement=&#8221;middle&#8221; column_margin=&#8221;default&#8221; text_align=&#8221;left&#8221; class=&#8221;Fila-Slide Galeria-Cabecera-Columna-1-h&#8221;][vc_column_inner column_padding=&#8221;no-extra-padding&#8221; column_padding_position=&#8221;all&#8221; centered_text=&#8221;true&#8221; background_color_opacity=&#8221;1&#8243; background_hover_color_opacity=&#8221;1&#8243; column_shadow=&#8221;none&#8221; column_border_radius=&#8221;none&#8221; column_link_target=&#8221;_self&#8221; width=&#8221;1\/1&#8243; tablet_width_inherit=&#8221;default&#8221; overlay_strength=&#8221;0.3&#8243; column_border_width=&#8221;none&#8221; column_border_style=&#8221;solid&#8221; bg_image_animation=&#8221;none&#8221; column_link=&#8221;https:\/\/gruparenal.com\/ca\/arenal\/&#8221;][image_with_animation image_url=&#8221;79&#8243; alignment=&#8221;center&#8221; animation=&#8221;Fade In&#8221; hover_animation=&#8221;none&#8221; border_radius=&#8221;none&#8221; box_shadow=&#8221;none&#8221; image_loading=&#8221;default&#8221; max_width=&#8221;100%&#8221; max_width_mobile=&#8221;default&#8221; el_class=&#8221;Etiqueta-Slide-Home&#8221;][\/vc_column_inner][\/vc_row_inner][vc_row_inner equal_height=&#8221;yes&#8221; content_placement=&#8221;middle&#8221; column_margin=&#8221;default&#8221; text_align=&#8221;left&#8221; class=&#8221;Fila-Slide Galeria-Cabecera-Columna-2-h&#8221;][vc_column_inner column_padding=&#8221;no-extra-padding&#8221; column_padding_position=&#8221;all&#8221; background_color_opacity=&#8221;1&#8243; background_hover_color_opacity=&#8221;1&#8243; column_shadow=&#8221;none&#8221; column_border_radius=&#8221;none&#8221; column_link_target=&#8221;_self&#8221; width=&#8221;1\/1&#8243; tablet_width_inherit=&#8221;default&#8221; overlay_strength=&#8221;0.3&#8243; column_border_width=&#8221;none&#8221; column_border_style=&#8221;solid&#8221; bg_image_animation=&#8221;none&#8221; column_link=&#8221;https:\/\/gruparenal.com\/ca\/xup-xup\/&#8221;][image_with_animation image_url=&#8221;81&#8243; alignment=&#8221;center&#8221; animation=&#8221;Fade In&#8221; hover_animation=&#8221;none&#8221; border_radius=&#8221;none&#8221; box_shadow=&#8221;none&#8221; image_loading=&#8221;default&#8221; max_width=&#8221;100%&#8221; max_width_mobile=&#8221;default&#8221; el_class=&#8221;Etiqueta-Slide-Home&#8221;][\/vc_column_inner][\/vc_row_inner][\/vc_column][\/vc_row][vc_row type=&#8221;full_width_background&#8221; full_screen_row_position=&#8221;middle&#8221; column_margin=&#8221;default&#8221; bg_color=&#8221;#cacaca&#8221; scene_position=&#8221;center&#8221; text_color=&#8221;dark&#8221; text_align=&#8221;left&#8221; id=&#8221;Bloque-Presentacion&#8221; color_overlay=&#8221;#e0e2e2&#8243; overlay_strength=&#8221;0.3&#8243; shape_divider_position=&#8221;bottom&#8221; bg_image_animation=&#8221;none&#8221; shape_type=&#8221;&#8221;][vc_column column_padding=&#8221;no-extra-padding&#8221; column_padding_position=&#8221;all&#8221; background_color_opacity=&#8221;1&#8243; background_hover_color_opacity=&#8221;1&#8243; column_link_target=&#8221;_self&#8221; column_shadow=&#8221;none&#8221; column_border_radius=&#8221;none&#8221; width=&#8221;1\/1&#8243; tablet_width_inherit=&#8221;default&#8221; tablet_text_alignment=&#8221;default&#8221; phone_text_alignment=&#8221;default&#8221; overlay_strength=&#8221;0.3&#8243; column_border_width=&#8221;none&#8221; column_border_style=&#8221;solid&#8221; bg_image_animation=&#8221;none&#8221;][image_with_animation image_url=&#8221;50&#8243; alignment=&#8221;center&#8221; animation=&#8221;Fade In&#8221; hover_animation=&#8221;none&#8221; border_radius=&#8221;none&#8221; box_shadow=&#8221;none&#8221; image_loading=&#8221;default&#8221; max_width=&#8221;100%&#8221; max_width_mobile=&#8221;default&#8221;][vc_column_text el_class=&#8221;Titulo&#8221;]\n<h1 style=\"text-align: center;\"><span style=\"font-family: frontage-condensed;\">DOS RESTAURANTS \u00daNICS A BARCELONA<br \/>\n<\/span><\/h1>\n[\/vc_column_text][vc_column_text el_class=&#8221;Descripcion&#8221;]\n<p class=\"Normal tm5 tm6\" style=\"text-align: center;\"><span class=\"tm7\"><strong>Grup Arenal<\/strong> compta amb dos <strong>restaurants a Barcelona<\/strong> d&#8217;\u00e0nimes diferents<\/span><\/p>\n<p class=\"Normal tm5 tm6\" style=\"text-align: center;\"><span class=\"tm7\">que comparteixen un mateix objectiu: Oferir una experi\u00e8ncia gastron\u00f2mica de qualitat a Barcelona.<\/span><\/p>\n<p class=\"Normal tm5 tm6\" style=\"text-align: center;\"><span class=\"tm7\">\u00a0<\/span><\/p>\n<p class=\"Normal tm5 tm6\" style=\"text-align: center;\"><span class=\"tm7\">Arenal Restaurant i XupXup Restaurant estan situats a la platja de la<\/span><\/p>\n<p class=\"Normal tm5 tm6\" style=\"text-align: center;\"><span class=\"tm7\">Barceloneta, enfront del mediterrani.<\/span><\/p>\n[\/vc_column_text][vc_column_text el_class=&#8221;Boton-Negro&#8221;]\n<p style=\"text-align: center;\"><a href=\"https:\/\/gruparenal.com\/ca\/coneix-nos\/\"><span style=\"font-family: frontage-condensed;\">CONEIXENS<\/span><\/a><\/p>\n[\/vc_column_text][vc_raw_html]JTNDJTIxLS0lMjAlNUJlbGVtZW50b3ItdGVtcGxhdGUlMjBpZCUzRCUyMjY0MTglMjIlNUQlMjAtLSUzRQ==[\/vc_raw_html][\/vc_column][\/vc_row][vc_row type=&#8221;in_container&#8221; full_screen_row_position=&#8221;middle&#8221; column_margin=&#8221;default&#8221; scene_position=&#8221;center&#8221; text_color=&#8221;dark&#8221; text_align=&#8221;left&#8221; id=&#8221;Bloque-Accesos-Directos&#8221; overlay_strength=&#8221;0.3&#8243; shape_divider_position=&#8221;bottom&#8221; bg_image_animation=&#8221;none&#8221; shape_type=&#8221;&#8221;][vc_column column_padding=&#8221;no-extra-padding&#8221; column_padding_position=&#8221;all&#8221; background_color_opacity=&#8221;1&#8243; background_hover_color_opacity=&#8221;1&#8243; column_link_target=&#8221;_self&#8221; column_shadow=&#8221;none&#8221; column_border_radius=&#8221;none&#8221; width=&#8221;1\/2&#8243; tablet_width_inherit=&#8221;default&#8221; tablet_text_alignment=&#8221;default&#8221; phone_text_alignment=&#8221;default&#8221; overlay_strength=&#8221;0.3&#8243; column_border_width=&#8221;none&#8221; column_border_style=&#8221;solid&#8221; bg_image_animation=&#8221;none&#8221;][vc_row_inner column_margin=&#8221;default&#8221; text_align=&#8221;left&#8221;][vc_column_inner column_padding=&#8221;no-extra-padding&#8221; column_padding_position=&#8221;all&#8221; background_color_opacity=&#8221;1&#8243; background_hover_color_opacity=&#8221;1&#8243; column_shadow=&#8221;none&#8221; column_border_radius=&#8221;none&#8221; column_link_target=&#8221;_self&#8221; el_class=&#8221;Col-Sabor-Mar&#8221; width=&#8221;1\/2&#8243; tablet_width_inherit=&#8221;default&#8221; overlay_strength=&#8221;0.3&#8243; column_border_width=&#8221;none&#8221; column_border_style=&#8221;solid&#8221; bg_image_animation=&#8221;none&#8221;][image_with_animation image_url=&#8221;66&#8243; alignment=&#8221;center&#8221; animation=&#8221;Fade In&#8221; hover_animation=&#8221;none&#8221; border_radius=&#8221;none&#8221; box_shadow=&#8221;none&#8221; image_loading=&#8221;default&#8221; max_width=&#8221;100%&#8221; max_width_mobile=&#8221;default&#8221;][\/vc_column_inner][vc_column_inner column_padding=&#8221;no-extra-padding&#8221; column_padding_position=&#8221;all&#8221; background_color_opacity=&#8221;1&#8243; background_hover_color_opacity=&#8221;1&#8243; column_shadow=&#8221;none&#8221; column_border_radius=&#8221;none&#8221; column_link_target=&#8221;_self&#8221; el_class=&#8221;Col-Borde&#8221; width=&#8221;1\/2&#8243; tablet_width_inherit=&#8221;default&#8221; overlay_strength=&#8221;0.3&#8243; column_border_width=&#8221;none&#8221; column_border_style=&#8221;solid&#8221; bg_image_animation=&#8221;none&#8221;][image_with_animation image_url=&#8221;71&#8243; alignment=&#8221;&#8221; animation=&#8221;Fade In&#8221; hover_animation=&#8221;none&#8221; border_radius=&#8221;none&#8221; box_shadow=&#8221;none&#8221; image_loading=&#8221;default&#8221; max_width=&#8221;100%&#8221; max_width_mobile=&#8221;default&#8221;][vc_column_text]<span style=\"font-family: frontage-condensed;\">\u00a1REGALA SABOR A MAR!<\/span><\/p>\n<p><span style=\"font-family: helveticaneueltstd-c;\">PACKS EXPERI\u00c8NCIES GURMET<\/span><\/p>\n<p><span style=\"font-family: helveticaneueltstd-c;\">El regal perfecte a peu de platja o en el cor<\/span><\/p>\n<p><span style=\"font-family: helveticaneueltstd-c;\">de Barcelona per als enamorats de la bona<\/span><\/p>\n<p><span style=\"font-family: helveticaneueltstd-c;\">cuina marinera<\/span>[\/vc_column_text][vc_column_text el_class=&#8221;Boton-Negro&#8221;]\n<p style=\"text-align: left;\"><a href=\"https:\/\/gruparenal.com\/ca\/sabor-a-mar\/\"><span style=\"font-family: frontage-condensed;\">DESCOBREIX SABOR A MAR<\/span><\/a><\/p>\n[\/vc_column_text][\/vc_column_inner][\/vc_row_inner][\/vc_column][vc_column column_padding=&#8221;no-extra-padding&#8221; column_padding_position=&#8221;all&#8221; background_color_opacity=&#8221;1&#8243; background_hover_color_opacity=&#8221;1&#8243; column_link_target=&#8221;_self&#8221; column_shadow=&#8221;none&#8221; column_border_radius=&#8221;none&#8221; width=&#8221;1\/2&#8243; tablet_width_inherit=&#8221;default&#8221; tablet_text_alignment=&#8221;default&#8221; phone_text_alignment=&#8221;default&#8221; overlay_strength=&#8221;0.3&#8243; column_border_width=&#8221;none&#8221; column_border_style=&#8221;solid&#8221; bg_image_animation=&#8221;none&#8221;][vc_row_inner column_margin=&#8221;default&#8221; text_align=&#8221;left&#8221;][vc_column_inner column_padding=&#8221;no-extra-padding&#8221; column_padding_position=&#8221;all&#8221; background_color_opacity=&#8221;1&#8243; background_hover_color_opacity=&#8221;1&#8243; column_shadow=&#8221;none&#8221; column_border_radius=&#8221;none&#8221; column_link_target=&#8221;_self&#8221; el_class=&#8221;Col-Clochina&#8221; width=&#8221;1\/2&#8243; tablet_width_inherit=&#8221;default&#8221; overlay_strength=&#8221;0.3&#8243; column_border_width=&#8221;none&#8221; column_border_style=&#8221;solid&#8221; bg_image_animation=&#8221;none&#8221;][image_with_animation image_url=&#8221;1418&#8243; alignment=&#8221;&#8221; animation=&#8221;Fade In&#8221; hover_animation=&#8221;none&#8221; border_radius=&#8221;none&#8221; box_shadow=&#8221;none&#8221; image_loading=&#8221;default&#8221; max_width=&#8221;100%&#8221; max_width_mobile=&#8221;default&#8221; el_class=&#8221;IMG-Servicio-Catering&#8221;][vc_column_text]<span class=\"Frontage-p\" style=\"font-family: frontage-condensed;\">GASTRONOMIA DE QUALITAT<br \/>\nALL\u00c0 ON LA NECESSITIS<\/span><br \/>\n<span style=\"font-family: helveticaneueltstd-c;\">En Grup Arenal som professionals de la gastronomia i centrem tots els nostres esfor\u00e7os en aconseguir que cada servei de catering sigui un \u00e8xit<\/span>[\/vc_column_text][vc_column_text el_class=&#8221;Boton-Negro&#8221;]\n<p style=\"text-align: left;\"><a href=\"https:\/\/gruparenal.com\/ca\/catering\/\"><span style=\"font-family: frontage-condensed;\">+INFO<\/span><\/a><\/p>\n[\/vc_column_text][\/vc_column_inner][vc_column_inner column_padding=&#8221;no-extra-padding&#8221; column_padding_position=&#8221;all&#8221; background_color_opacity=&#8221;1&#8243; background_hover_color_opacity=&#8221;1&#8243; column_shadow=&#8221;none&#8221; column_border_radius=&#8221;none&#8221; column_link_target=&#8221;_self&#8221; width=&#8221;1\/2&#8243; tablet_width_inherit=&#8221;default&#8221; overlay_strength=&#8221;0.3&#8243; column_border_width=&#8221;none&#8221; column_border_style=&#8221;solid&#8221; bg_image_animation=&#8221;none&#8221;][image_with_animation image_url=&#8221;65&#8243; alignment=&#8221;&#8221; animation=&#8221;Fade In&#8221; hover_animation=&#8221;none&#8221; border_radius=&#8221;none&#8221; box_shadow=&#8221;none&#8221; image_loading=&#8221;default&#8221; max_width=&#8221;100%&#8221; max_width_mobile=&#8221;default&#8221;][\/vc_column_inner][\/vc_row_inner][\/vc_column][\/vc_row]\n","protected":false},"excerpt":{"rendered":"<p>[vc_row type=&#8221;full_width_content&#8221; full_screen_row_position=&#8221;middle&#8221; equal_height=&#8221;yes&#8221; content_placement=&#8221;middle&#8221; column_margin=&#8221;none&#8221; full_height=&#8221;yes&#8221; scene_position=&#8221;center&#8221; text_color=&#8221;dark&#8221; text_align=&#8221;left&#8221; id=&#8221;Bloque-Slide-DSK&#8221; overlay_strength=&#8221;0.3&#8243; shape_divider_position=&#8221;bottom&#8221; bg_image_animation=&#8221;none&#8221; shape_type=&#8221;&#8221;][vc_column column_padding=&#8221;no-extra-padding&#8221; column_padding_position=&#8221;all&#8221; background_color_opacity=&#8221;1&#8243; background_hover_color_opacity=&#8221;1&#8243; column_link_target=&#8221;_self&#8221; column_shadow=&#8221;none&#8221; column_border_radius=&#8221;none&#8221; width=&#8221;1\/1&#8243; tablet_width_inherit=&#8221;default&#8221; tablet_text_alignment=&#8221;default&#8221; phone_text_alignment=&#8221;default&#8221; overlay_strength=&#8221;0.3&#8243; column_border_width=&#8221;none&#8221; column_border_style=&#8221;solid&#8221; bg_image_animation=&#8221;none&#8221;][vc_row_inner equal_height=&#8221;yes&#8221; content_placement=&#8221;middle&#8221; column_margin=&#8221;default&#8221; text_align=&#8221;left&#8221;][vc_column_inner column_padding=&#8221;no-extra-padding&#8221; column_padding_position=&#8221;all&#8221; background_color_opacity=&#8221;1&#8243; background_hover_color_opacity=&#8221;1&#8243; column_shadow=&#8221;none&#8221; column_border_radius=&#8221;none&#8221; column_link_target=&#8221;_self&#8221; el_class=&#8221;Galeria-Cabecera-Columna-1&#8243; width=&#8221;1\/2&#8243; tablet_width_inherit=&#8221;default&#8221; overlay_strength=&#8221;0.3&#8243; column_border_width=&#8221;none&#8221; column_border_style=&#8221;solid&#8221; bg_image_animation=&#8221;none&#8221; column_link=&#8221;https:\/\/gruparenal.com\/ca\/arenal\/&#8221;][image_with_animation image_url=&#8221;79&#8243;&#8230;<\/p>\n","protected":false},"author":2,"featured_media":0,"parent":0,"menu_order":0,"comment_status":"closed","ping_status":"closed","template":"","meta":{"_acf_changed":false,"footnotes":""},"class_list":["post-1198","page","type-page","status-publish"],"acf":[],"yoast_head":"<!-- This site is optimized with the Yoast SEO plugin v27.3 - https:\/\/yoast.com\/product\/yoast-seo-wordpress\/ -->\n<title>Dos restaurants \u00fanics a Barcelona - Dos experi\u00e8ncies | Grup Arenal<\/title>\n<meta name=\"description\" content=\"Grup Arenal compta amb dos restaurants a Barcelona que comparteixen un \u00fanic objectiu: Oferir una experi\u00e8ncia gastron\u00f2mica de qualitat.\" \/>\n<meta name=\"robots\" content=\"index, follow, max-snippet:-1, max-image-preview:large, max-video-preview:-1\" \/>\n<link rel=\"canonical\" href=\"https:\/\/gruparenal.com\/ca\/\" \/>\n<meta property=\"og:locale\" content=\"ca_ES\" \/>\n<meta property=\"og:type\" content=\"article\" \/>\n<meta property=\"og:title\" content=\"Dos restaurants \u00fanics a Barcelona - Dos experi\u00e8ncies | Grup Arenal\" \/>\n<meta property=\"og:description\" content=\"Grup Arenal compta amb dos restaurants a Barcelona que comparteixen un \u00fanic objectiu: Oferir una experi\u00e8ncia gastron\u00f2mica de qualitat.\" \/>\n<meta property=\"og:url\" content=\"https:\/\/gruparenal.com\/ca\/\" \/>\n<meta property=\"og:site_name\" content=\"Grup Arenal\" \/>\n<meta property=\"article:modified_time\" content=\"2026-01-09T13:57:36+00:00\" \/>\n<meta name=\"twitter:card\" content=\"summary_large_image\" \/>\n<meta name=\"twitter:label1\" content=\"Temps estimat de lectura\" \/>\n\t<meta name=\"twitter:data1\" content=\"3 minuts\" \/>\n<script type=\"application\/ld+json\" class=\"yoast-schema-graph\">{\"@context\":\"https:\\\/\\\/schema.org\",\"@graph\":[{\"@type\":\"WebPage\",\"@id\":\"https:\\\/\\\/gruparenal.com\\\/ca\\\/\",\"url\":\"https:\\\/\\\/gruparenal.com\\\/ca\\\/\",\"name\":\"Dos restaurants \u00fanics a Barcelona - Dos experi\u00e8ncies | Grup Arenal\",\"isPartOf\":{\"@id\":\"https:\\\/\\\/gruparenal.com\\\/ca\\\/#website\"},\"datePublished\":\"2020-02-27T16:25:01+00:00\",\"dateModified\":\"2026-01-09T13:57:36+00:00\",\"description\":\"Grup Arenal compta amb dos restaurants a Barcelona que comparteixen un \u00fanic objectiu: Oferir una experi\u00e8ncia gastron\u00f2mica de qualitat.\",\"breadcrumb\":{\"@id\":\"https:\\\/\\\/gruparenal.com\\\/ca\\\/#breadcrumb\"},\"inLanguage\":\"ca\",\"potentialAction\":[{\"@type\":\"ReadAction\",\"target\":[\"https:\\\/\\\/gruparenal.com\\\/ca\\\/\"]}]},{\"@type\":\"BreadcrumbList\",\"@id\":\"https:\\\/\\\/gruparenal.com\\\/ca\\\/#breadcrumb\",\"itemListElement\":[{\"@type\":\"ListItem\",\"position\":1,\"name\":\"Portada\",\"item\":\"https:\\\/\\\/gruparenal.com\\\/ca\\\/\"},{\"@type\":\"ListItem\",\"position\":2,\"name\":\"GRUP ARENAL\"}]},{\"@type\":\"WebSite\",\"@id\":\"https:\\\/\\\/gruparenal.com\\\/ca\\\/#website\",\"url\":\"https:\\\/\\\/gruparenal.com\\\/ca\\\/\",\"name\":\"Grup Arenal\",\"description\":\"Otro sitio realizado con WordPress\",\"potentialAction\":[{\"@type\":\"SearchAction\",\"target\":{\"@type\":\"EntryPoint\",\"urlTemplate\":\"https:\\\/\\\/gruparenal.com\\\/ca\\\/?s={search_term_string}\"},\"query-input\":{\"@type\":\"PropertyValueSpecification\",\"valueRequired\":true,\"valueName\":\"search_term_string\"}}],\"inLanguage\":\"ca\"}]}<\/script>\n<!-- \/ Yoast SEO plugin. -->","yoast_head_json":{"title":"Dos restaurants \u00fanics a Barcelona - Dos experi\u00e8ncies | Grup Arenal","description":"Grup Arenal compta amb dos restaurants a Barcelona que comparteixen un \u00fanic objectiu: Oferir una experi\u00e8ncia gastron\u00f2mica de qualitat.","robots":{"index":"index","follow":"follow","max-snippet":"max-snippet:-1","max-image-preview":"max-image-preview:large","max-video-preview":"max-video-preview:-1"},"canonical":"https:\/\/gruparenal.com\/ca\/","og_locale":"ca_ES","og_type":"article","og_title":"Dos restaurants \u00fanics a Barcelona - Dos experi\u00e8ncies | Grup Arenal","og_description":"Grup Arenal compta amb dos restaurants a Barcelona que comparteixen un \u00fanic objectiu: Oferir una experi\u00e8ncia gastron\u00f2mica de qualitat.","og_url":"https:\/\/gruparenal.com\/ca\/","og_site_name":"Grup Arenal","article_modified_time":"2026-01-09T13:57:36+00:00","twitter_card":"summary_large_image","twitter_misc":{"Temps estimat de lectura":"3 minuts"},"schema":{"@context":"https:\/\/schema.org","@graph":[{"@type":"WebPage","@id":"https:\/\/gruparenal.com\/ca\/","url":"https:\/\/gruparenal.com\/ca\/","name":"Dos restaurants \u00fanics a Barcelona - Dos experi\u00e8ncies | Grup Arenal","isPartOf":{"@id":"https:\/\/gruparenal.com\/ca\/#website"},"datePublished":"2020-02-27T16:25:01+00:00","dateModified":"2026-01-09T13:57:36+00:00","description":"Grup Arenal compta amb dos restaurants a Barcelona que comparteixen un \u00fanic objectiu: Oferir una experi\u00e8ncia gastron\u00f2mica de qualitat.","breadcrumb":{"@id":"https:\/\/gruparenal.com\/ca\/#breadcrumb"},"inLanguage":"ca","potentialAction":[{"@type":"ReadAction","target":["https:\/\/gruparenal.com\/ca\/"]}]},{"@type":"BreadcrumbList","@id":"https:\/\/gruparenal.com\/ca\/#breadcrumb","itemListElement":[{"@type":"ListItem","position":1,"name":"Portada","item":"https:\/\/gruparenal.com\/ca\/"},{"@type":"ListItem","position":2,"name":"GRUP ARENAL"}]},{"@type":"WebSite","@id":"https:\/\/gruparenal.com\/ca\/#website","url":"https:\/\/gruparenal.com\/ca\/","name":"Grup Arenal","description":"Otro sitio realizado con WordPress","potentialAction":[{"@type":"SearchAction","target":{"@type":"EntryPoint","urlTemplate":"https:\/\/gruparenal.com\/ca\/?s={search_term_string}"},"query-input":{"@type":"PropertyValueSpecification","valueRequired":true,"valueName":"search_term_string"}}],"inLanguage":"ca"}]}},"_links":{"self":[{"href":"https:\/\/gruparenal.com\/ca\/wp-json\/wp\/v2\/pages\/1198","targetHints":{"allow":["GET"]}}],"collection":[{"href":"https:\/\/gruparenal.com\/ca\/wp-json\/wp\/v2\/pages"}],"about":[{"href":"https:\/\/gruparenal.com\/ca\/wp-json\/wp\/v2\/types\/page"}],"author":[{"embeddable":true,"href":"https:\/\/gruparenal.com\/ca\/wp-json\/wp\/v2\/users\/2"}],"replies":[{"embeddable":true,"href":"https:\/\/gruparenal.com\/ca\/wp-json\/wp\/v2\/comments?post=1198"}],"version-history":[{"count":5,"href":"https:\/\/gruparenal.com\/ca\/wp-json\/wp\/v2\/pages\/1198\/revisions"}],"predecessor-version":[{"id":6662,"href":"https:\/\/gruparenal.com\/ca\/wp-json\/wp\/v2\/pages\/1198\/revisions\/6662"}],"wp:attachment":[{"href":"https:\/\/gruparenal.com\/ca\/wp-json\/wp\/v2\/media?parent=1198"}],"curies":[{"name":"wp","href":"https:\/\/api.w.org\/{rel}","templated":true}]}}